{"id":1298,"date":"2023-01-19T11:18:44","date_gmt":"2023-01-19T10:18:44","guid":{"rendered":"http:\/\/class-prepa.enp.edu.dz\/?page_id=1298"},"modified":"2023-01-19T11:19:50","modified_gmt":"2023-01-19T10:19:50","slug":"documentation-mod","status":"publish","type":"page","link":"https:\/\/class-prepa.enp.edu.dz\/index.php\/documentation-mod\/","title":{"rendered":"DOCUMENTATION MOD"},"content":{"rendered":"\t\t<div data-elementor-type=\"wp-page\" data-elementor-id=\"1298\" class=\"elementor elementor-1298\">\n\t\t\t\t\t\t\t\t\t<section class=\"elementor-section elementor-top-section elementor-element elementor-element-88cfff3 elementor-section-boxed elementor-section-height-default elementor-section-height-default\" data-id=\"88cfff3\" data-element_type=\"section\" data-settings=\"{&quot;background_background&quot;:&quot;classic&quot;,&quot;shape_divider_bottom&quot;:&quot;waves&quot;}\">\n\t\t\t\t\t<div class=\"elementor-shape elementor-shape-bottom\" data-negative=\"false\">\n\t\t\t<svg xmlns=\"http:\/\/www.w3.org\/2000\/svg\" viewBox=\"0 0 1000 100\" preserveAspectRatio=\"none\">\n\t<path class=\"elementor-shape-fill\" d=\"M421.9,6.5c22.6-2.5,51.5,0.4,75.5,5.3c23.6,4.9,70.9,23.5,100.5,35.7c75.8,32.2,133.7,44.5,192.6,49.7\n\tc23.6,2.1,48.7,3.5,103.4-2.5c54.7-6,106.2-25.6,106.2-25.6V0H0v30.3c0,0,72,32.6,158.4,30.5c39.2-0.7,92.8-6.7,134-22.4\n\tc21.2-8.1,52.2-18.2,79.7-24.2C399.3,7.9,411.6,7.5,421.9,6.5z\"\/>\n<\/svg>\t\t<\/div>\n\t\t\t\t\t<div class=\"elementor-container elementor-column-gap-default\">\n\t\t\t\t\t<div class=\"elementor-column elementor-col-100 elementor-top-column elementor-element elementor-element-97babe6\" data-id=\"97babe6\" data-element_type=\"column\" data-settings=\"{&quot;background_background&quot;:&quot;classic&quot;}\">\n\t\t\t<div class=\"elementor-widget-wrap elementor-element-populated\">\n\t\t\t\t\t\t\t\t<section class=\"elementor-section elementor-top-section elementor-element elementor-element-55026cf3 elementor-section-full_width elementor-section-height-default elementor-section-height-default\" data-id=\"55026cf3\" data-element_type=\"section\">\n\t\t\t\t\t\t<div class=\"elementor-container elementor-column-gap-default\">\n\t\t\t\t\t<div class=\"elementor-column elementor-col-100 elementor-top-column elementor-element elementor-element-360afa67\" data-id=\"360afa67\" data-element_type=\"column\" data-settings=\"{&quot;background_background&quot;:&quot;classic&quot;}\">\n\t\t\t<div class=\"elementor-widget-wrap elementor-element-populated\">\n\t\t\t\t\t\t\t\t<div class=\"elementor-element elementor-element-7915bd2 elementor-invisible elementor-widget elementor-widget-heading\" data-id=\"7915bd2\" data-element_type=\"widget\" data-settings=\"{&quot;_animation&quot;:&quot;rollIn&quot;}\" data-widget_type=\"heading.default\">\n\t\t\t\t<div class=\"elementor-widget-container\">\n\t\t\t<style>\/*! elementor - v3.15.0 - 20-08-2023 *\/\n.elementor-heading-title{padding:0;margin:0;line-height:1}.elementor-widget-heading .elementor-heading-title[class*=elementor-size-]>a{color:inherit;font-size:inherit;line-height:inherit}.elementor-widget-heading .elementor-heading-title.elementor-size-small{font-size:15px}.elementor-widget-heading .elementor-heading-title.elementor-size-medium{font-size:19px}.elementor-widget-heading .elementor-heading-title.elementor-size-large{font-size:29px}.elementor-widget-heading .elementor-heading-title.elementor-size-xl{font-size:39px}.elementor-widget-heading .elementor-heading-title.elementor-size-xxl{font-size:59px}<\/style><h2 class=\"elementor-heading-title elementor-size-default\">DOCUMENTATION<\/h2>\t\t<\/div>\n\t\t\t\t<\/div>\n\t\t\t\t\t<\/div>\n\t\t<\/div>\n\t\t\t\t\t\t\t<\/div>\n\t\t<\/section>\n\t\t\t\t\t<\/div>\n\t\t<\/div>\n\t\t\t\t\t\t\t<\/div>\n\t\t<\/section>\n\t\t\t\t<section class=\"elementor-section elementor-top-section elementor-element elementor-element-35b894e elementor-section-boxed elementor-section-height-default elementor-section-height-default\" data-id=\"35b894e\" data-element_type=\"section\">\n\t\t\t\t\t\t<div class=\"elementor-container elementor-column-gap-default\">\n\t\t\t\t\t<div class=\"elementor-column elementor-col-100 elementor-top-column elementor-element elementor-element-92361ab\" data-id=\"92361ab\" data-element_type=\"column\">\n\t\t\t<div class=\"elementor-widget-wrap elementor-element-populated\">\n\t\t\t\t\t\t\t\t<section class=\"elementor-section elementor-inner-section elementor-element elementor-element-32e3df0 elementor-section-boxed elementor-section-height-default elementor-section-height-default\" data-id=\"32e3df0\" data-element_type=\"section\">\n\t\t\t\t\t\t<div class=\"elementor-container elementor-column-gap-default\">\n\t\t\t\t\t<div class=\"elementor-column elementor-col-50 elementor-inner-column elementor-element elementor-element-db820a0\" data-id=\"db820a0\" data-element_type=\"column\">\n\t\t\t<div class=\"elementor-widget-wrap elementor-element-populated\">\n\t\t\t\t\t\t\t\t<div class=\"elementor-element elementor-element-18e1aab elementor-invisible elementor-widget elementor-widget-heading\" data-id=\"18e1aab\" data-element_type=\"widget\" data-settings=\"{&quot;_animation&quot;:&quot;swing&quot;}\" data-widget_type=\"heading.default\">\n\t\t\t\t<div class=\"elementor-widget-container\">\n\t\t\t<h2 class=\"elementor-heading-title elementor-size-default\">Sujets d'examen:<\/h2>\t\t<\/div>\n\t\t\t\t<\/div>\n\t\t\t\t\t<\/div>\n\t\t<\/div>\n\t\t\t\t<div class=\"elementor-column elementor-col-50 elementor-inner-column elementor-element elementor-element-0ca1327\" data-id=\"0ca1327\" data-element_type=\"column\">\n\t\t\t<div class=\"elementor-widget-wrap elementor-element-populated\">\n\t\t\t\t\t\t\t\t<div class=\"elementor-element elementor-element-055d793 animated-slow elementor-invisible elementor-widget elementor-widget-image\" data-id=\"055d793\" data-element_type=\"widget\" data-settings=\"{&quot;_animation&quot;:&quot;slideInDown&quot;,&quot;_animation_delay&quot;:2500}\" data-widget_type=\"image.default\">\n\t\t\t\t<div class=\"elementor-widget-container\">\n\t\t\t<style>\/*! elementor - v3.15.0 - 20-08-2023 *\/\n.elementor-widget-image{text-align:center}.elementor-widget-image a{display:inline-block}.elementor-widget-image a img[src$=\".svg\"]{width:48px}.elementor-widget-image img{vertical-align:middle;display:inline-block}<\/style>\t\t\t\t\t\t\t\t\t\t\t\t<img decoding=\"async\" width=\"289\" height=\"175\" src=\"https:\/\/class-prepa.enp.edu.dz\/wp-content\/uploads\/2022\/10\/documentation.png\" class=\"attachment-2048x2048 size-2048x2048 wp-image-397\" alt=\"\" loading=\"lazy\" \/>\t\t\t\t\t\t\t\t\t\t\t\t\t\t\t<\/div>\n\t\t\t\t<\/div>\n\t\t\t\t\t<\/div>\n\t\t<\/div>\n\t\t\t\t\t\t\t<\/div>\n\t\t<\/section>\n\t\t\t\t<div class=\"elementor-element elementor-element-4f312c1 elementor-widget elementor-widget-heading\" data-id=\"4f312c1\" data-element_type=\"widget\" data-widget_type=\"heading.default\">\n\t\t\t\t<div class=\"elementor-widget-container\">\n\t\t\t<h2 class=\"elementor-heading-title elementor-size-default\">Sujets d'examen avec corrig\u00e9s du premier semestre 2021:<\/h2>\t\t<\/div>\n\t\t\t\t<\/div>\n\t\t\t\t<section class=\"elementor-section elementor-inner-section elementor-element elementor-element-edb6000 elementor-section-boxed elementor-section-height-default elementor-section-height-default\" data-id=\"edb6000\" data-element_type=\"section\">\n\t\t\t\t\t\t<div class=\"elementor-container elementor-column-gap-default\">\n\t\t\t\t\t<div class=\"elementor-column elementor-col-50 elementor-inner-column elementor-element elementor-element-8c3141b\" data-id=\"8c3141b\" data-element_type=\"column\">\n\t\t\t<div class=\"elementor-widget-wrap elementor-element-populated\">\n\t\t\t\t\t\t\t\t<div class=\"elementor-element elementor-element-137b6dc elementor-widget elementor-widget-text-editor\" data-id=\"137b6dc\" data-element_type=\"widget\" data-widget_type=\"text-editor.default\">\n\t\t\t\t<div class=\"elementor-widget-container\">\n\t\t\t<style>\/*! elementor - v3.15.0 - 20-08-2023 *\/\n.elementor-widget-text-editor.elementor-drop-cap-view-stacked .elementor-drop-cap{background-color:#69727d;color:#fff}.elementor-widget-text-editor.elementor-drop-cap-view-framed .elementor-drop-cap{color:#69727d;border:3px solid;background-color:transparent}.elementor-widget-text-editor:not(.elementor-drop-cap-view-default) .elementor-drop-cap{margin-top:8px}.elementor-widget-text-editor:not(.elementor-drop-cap-view-default) .elementor-drop-cap-letter{width:1em;height:1em}.elementor-widget-text-editor .elementor-drop-cap{float:left;text-align:center;line-height:1;font-size:50px}.elementor-widget-text-editor .elementor-drop-cap-letter{display:inline-block}<\/style>\t\t\t\t<h4><strong><span style=\"text-decoration: underline;\">1\u00e8re ann\u00e9e:<\/span><\/strong><\/h4><h4><a href=\"https:\/\/drive.google.com\/file\/d\/1GMe-lUs_WvsRjFw4eURXm_pBNW9rgLrE\/view?usp=sharing\" target=\"_blank\" rel=\"noopener\">\u00a0Alg\u00e8bre 1<\/a><\/h4><h4><a href=\"https:\/\/drive.google.com\/file\/d\/15Fm05T-_0maxld4anQl5x8_KxHhx7RJs\/view?usp=sharing\" target=\"_blank\" rel=\"noopener\">Physique 1<\/a><\/h4><h4><a href=\"https:\/\/drive.google.com\/file\/d\/1LOj81oCEWVdzYmlFpIUuAty4HQcG5jsA\/view?usp=sharing\" target=\"_blank\" rel=\"noopener\">Dessin technique<\/a><\/h4><h4><a href=\"https:\/\/drive.google.com\/file\/d\/15BPXlV3JSPsXynCyQNdwX3xUg1wggOy6\/view?usp=sharing\" target=\"_blank\" rel=\"noopener\">Informatique 1<\/a><\/h4><h4><a href=\"https:\/\/drive.google.com\/file\/d\/1LXzPgzolqhZA_ZRhPpm-H_m8wz8HbUGW\/view?usp=sharing\" target=\"_blank\" rel=\"noopener\">Analyse 1<\/a><\/h4><h4><a href=\"https:\/\/drive.google.com\/file\/d\/1INNVYzito4J0Z_wuLRGXL__IFDGEtgRo\/view?usp=sharing\" target=\"_blank\" rel=\"noopener\">Anglais 1<\/a><\/h4><h4><a href=\"https:\/\/drive.google.com\/file\/d\/14AXdRPBHNAwiRz1L2raaz239rfPtTg0z\/view?usp=sharing\" target=\"_blank\" rel=\"noopener\">Chimie 1<\/a><\/h4><h4><a href=\"https:\/\/drive.google.com\/file\/d\/1acgH37riUvuBS4cKnnfY4FoywbGtVQ1v\/view?usp=sharing\" target=\"_blank\" rel=\"noopener\">Economie 1<\/a><\/h4><h4><a href=\"https:\/\/drive.google.com\/file\/d\/11zsXOK3ZPS6v8lKZYeh72zjDALFo8Y5d\/view?usp=sharing\" target=\"_blank\" rel=\"noopener\">Ingenierie Humaine 1<\/a><\/h4>\t\t\t\t\t\t<\/div>\n\t\t\t\t<\/div>\n\t\t\t\t\t<\/div>\n\t\t<\/div>\n\t\t\t\t<div class=\"elementor-column elementor-col-50 elementor-inner-column elementor-element elementor-element-68976aa\" data-id=\"68976aa\" data-element_type=\"column\">\n\t\t\t<div class=\"elementor-widget-wrap elementor-element-populated\">\n\t\t\t\t\t\t\t\t<div class=\"elementor-element elementor-element-3b29785 elementor-widget elementor-widget-text-editor\" data-id=\"3b29785\" data-element_type=\"widget\" data-widget_type=\"text-editor.default\">\n\t\t\t\t<div class=\"elementor-widget-container\">\n\t\t\t\t\t\t\t<h4><strong><span style=\"text-decoration: underline;\">2 \u00e8me ann\u00e9e:<\/span><\/strong><\/h4><h4><a href=\"https:\/\/drive.google.com\/file\/d\/1Lm5qjGZVqozHySbd6xOYKSps1rqP6JH4\/view?usp=sharing\" target=\"_blank\" rel=\"noopener\">Informatique 3<\/a><\/h4><h4><a href=\"https:\/\/drive.google.com\/file\/d\/1LhzHK4zLmVF7OpRphi_w6zA0SqDavRZt\/view?usp=sharing\" target=\"_blank\" rel=\"noopener\">M\u00e9canique des Fluides\u00a0\u00a0<\/a><\/h4><h4><a href=\"https:\/\/drive.google.com\/file\/d\/1LheVbBAfFXpRgq7d4gpPeFRiXhaSHKJy\/view?usp=sharing\" target=\"_blank\" rel=\"noopener\">M\u00e9canique Rationnelle I<\/a><\/h4><h4><a href=\"https:\/\/drive.google.com\/file\/d\/1LdJCmgII9yZN9BL1Pn4kAkh2xLcJi30c\/view?usp=sharing\" target=\"_blank\" rel=\"noopener\">Electricit\u00e9 G\u00e9n\u00e9rale\u00a0<\/a><\/h4><h4><a href=\"https:\/\/drive.google.com\/file\/d\/1ICPSg3ffDLszNR-m2NjYAevtuTp3XH8F\/view?usp=sharing\" target=\"_blank\" rel=\"noopener\">Chimie 3<\/a><\/h4><h4><a href=\"https:\/\/drive.google.com\/file\/d\/16rsUqfh1WHklH_Z_4ceSNMiEUu8lxadi\/view?usp=sharing\" target=\"_blank\" rel=\"noopener\">Physique 3<\/a><\/h4><h4><a href=\"https:\/\/drive.google.com\/file\/d\/1H4tUvmkI6vdnUZOiNnqmBEhazYQF5L7s\/view?usp=sharing\" target=\"_blank\" rel=\"noopener\">Anglais 3\u00a0<\/a><\/h4><h4><a href=\"https:\/\/drive.google.com\/file\/d\/1HjdSXJgSrauHpO9-Cr1yjF8jsHY3qQjM\/view?usp=sharing\" target=\"_blank\" rel=\"noopener\">Analyse math\u00e9matique<\/a>\u00a0<\/h4><h4><a href=\"https:\/\/drive.google.com\/file\/d\/1qYMdcGpodMWFn8L3GtKa3w4wmqOi5PAD\/view?usp=sharing\" target=\"_blank\" rel=\"noopener\">Analyse num\u00e9rique<\/a><\/h4><h4><a href=\"https:\/\/drive.google.com\/file\/d\/1O8GvUmB-nssT3v_6A6ps0lvJZJWwKej8\/view?usp=sharing\" target=\"_blank\" rel=\"noopener\">Ingenierie\u00a0<\/a><\/h4>\t\t\t\t\t\t<\/div>\n\t\t\t\t<\/div>\n\t\t\t\t\t<\/div>\n\t\t<\/div>\n\t\t\t\t\t\t\t<\/div>\n\t\t<\/section>\n\t\t\t\t<div class=\"elementor-element elementor-element-5757555 elementor-widget elementor-widget-heading\" data-id=\"5757555\" data-element_type=\"widget\" data-widget_type=\"heading.default\">\n\t\t\t\t<div class=\"elementor-widget-container\">\n\t\t\t<h2 class=\"elementor-heading-title elementor-size-default\">Sujets d'examen avec corrig\u00e9s du deuxi\u00e8me semestre 2021:<\/h2>\t\t<\/div>\n\t\t\t\t<\/div>\n\t\t\t\t<section class=\"elementor-section elementor-inner-section elementor-element elementor-element-568b4e7 elementor-section-boxed elementor-section-height-default elementor-section-height-default\" data-id=\"568b4e7\" data-element_type=\"section\">\n\t\t\t\t\t\t<div class=\"elementor-container elementor-column-gap-default\">\n\t\t\t\t\t<div class=\"elementor-column elementor-col-50 elementor-inner-column elementor-element elementor-element-2ae10a8\" data-id=\"2ae10a8\" data-element_type=\"column\">\n\t\t\t<div class=\"elementor-widget-wrap elementor-element-populated\">\n\t\t\t\t\t\t\t\t<div class=\"elementor-element elementor-element-35fb1d0 elementor-widget elementor-widget-text-editor\" data-id=\"35fb1d0\" data-element_type=\"widget\" data-widget_type=\"text-editor.default\">\n\t\t\t\t<div class=\"elementor-widget-container\">\n\t\t\t\t\t\t\t<h4><span style=\"text-decoration: underline;\"><strong>1 \u00e8re ann\u00e9e:<\/strong><\/span><strong>\u00a0<\/strong><\/h4><h4><a href=\"https:\/\/drive.google.com\/file\/d\/1syxBIDiUOGq3-UKEz00YMup7cUTJMiNX\/view?usp=sharing\" target=\"_blank\" rel=\"noopener\">Alg\u00e8bre\u00a0<\/a><\/h4><h4><a href=\"https:\/\/drive.google.com\/file\/d\/1CPxlEO0OLK8fXqCFlhsT9VwYAjCtSlkw\/view?usp=sharing\" target=\"_blank\" rel=\"noopener\">Analyse<\/a><\/h4><h4><a href=\"https:\/\/drive.google.com\/file\/d\/1Lp0dGe4pEOwSltVAGI1YRnK_XZ5Elcdo\/view?usp=sharing\" target=\"_blank\" rel=\"noopener\">Physique\u00a0<\/a><\/h4><h4><a href=\"https:\/\/drive.google.com\/file\/d\/1RDr53Ohz7-AxCXLepIx6fbnUy77LHesU\/view?usp=sharing\" target=\"_blank\" rel=\"noopener\">Probabilit\u00e9s et statistiques<\/a><\/h4><h4><a href=\"https:\/\/drive.google.com\/file\/d\/1w1ts6sPYqcD1WXSWIjXw175ut0OrIIiN\/view?usp=sharing\" target=\"_blank\" rel=\"noopener\">Informatique 2<\/a><\/h4>\t\t\t\t\t\t<\/div>\n\t\t\t\t<\/div>\n\t\t\t\t\t<\/div>\n\t\t<\/div>\n\t\t\t\t<div class=\"elementor-column elementor-col-50 elementor-inner-column elementor-element elementor-element-a2116e6\" data-id=\"a2116e6\" data-element_type=\"column\">\n\t\t\t<div class=\"elementor-widget-wrap elementor-element-populated\">\n\t\t\t\t\t\t\t\t<div class=\"elementor-element elementor-element-129ba03 elementor-widget elementor-widget-text-editor\" data-id=\"129ba03\" data-element_type=\"widget\" data-widget_type=\"text-editor.default\">\n\t\t\t\t<div class=\"elementor-widget-container\">\n\t\t\t\t\t\t\t<h4><span style=\"text-decoration: underline;\"><strong>2 \u00e8me ann\u00e9e:<\/strong><\/span><\/h4><h4><a href=\"https:\/\/drive.google.com\/file\/d\/1Lp0dGe4pEOwSltVAGI1YRnK_XZ5Elcdo\/view?usp=sharing\" target=\"_blank\" rel=\"noopener\">Physique 4<\/a><\/h4><h4><a href=\"https:\/\/drive.google.com\/file\/d\/1pm2wn94DoYxA_oUN_mY2B_utLjoOkVuY\/view?usp=sharing\" target=\"_blank\" rel=\"noopener\">Anglais 4\u00a0<\/a><\/h4><h4><a href=\"https:\/\/drive.google.com\/file\/d\/1H5VDfm7CxD8PWfbxtMg24xbkpV1XczvN\/view?usp=sharing\" target=\"_blank\" rel=\"noopener\">Electronique\u00a0<\/a><\/h4><h4><a href=\"https:\/\/drive.google.com\/file\/d\/12sxGGVyMwo60sk_3W2UEzK6NEwqAefLH\/view?usp=sharing\" target=\"_blank\" rel=\"noopener\">Mecanique rationnelle\u00a0<\/a><\/h4><h4><a href=\"https:\/\/drive.google.com\/file\/d\/1YXOZ-vfX_De5WhC-StbDAT97b4jqnRJc\/view?usp=sharing\" target=\"_blank\" rel=\"noopener\">Physique 4<\/a><\/h4><h4><a href=\"https:\/\/drive.google.com\/file\/d\/16UqSw7aIS_u0lDqVTJRToKF4sjTryr2M\/view?usp=sharing\" target=\"_blank\" rel=\"noopener\">RDM<\/a><\/h4>\t\t\t\t\t\t<\/div>\n\t\t\t\t<\/div>\n\t\t\t\t\t<\/div>\n\t\t<\/div>\n\t\t\t\t\t\t\t<\/div>\n\t\t<\/section>\n\t\t\t\t\t<\/div>\n\t\t<\/div>\n\t\t\t\t\t\t\t<\/div>\n\t\t<\/section>\n\t\t\t\t\t\t\t<\/div>\n\t\t","protected":false},"excerpt":{"rendered":"<p class=\"qua-blog-post-description\">DOCUMENTATION Sujets d&rsquo;examen: Sujets d&rsquo;examen avec corrig\u00e9s du premier semestre 2021: 1\u00e8re ann\u00e9e: \u00a0Alg\u00e8bre 1 Physique 1 Dessin technique Informatique 1 Analyse 1 Anglais 1 Chimie 1 Economie 1 Ingenierie Humaine 1 2 \u00e8me ann\u00e9e: Informatique 3 M\u00e9canique des Fluides\u00a0\u00a0 M\u00e9canique Rationnelle I Electricit\u00e9 G\u00e9n\u00e9rale\u00a0 Chimie 3 Physique 3 Anglais 3\u00a0 Analyse math\u00e9matique\u00a0 Analyse num\u00e9rique<\/p>\n<p class=\"qua-blog-post-description\"><a href=\"https:\/\/class-prepa.enp.edu.dz\/index.php\/documentation-mod\/#more-1298\" class=\"more-link\">Lire la suite<\/a><\/p>\n","protected":false},"author":1,"featured_media":0,"parent":0,"menu_order":0,"comment_status":"closed","ping_status":"closed","template":"elementor_header_footer","meta":[],"_links":{"self":[{"href":"https:\/\/class-prepa.enp.edu.dz\/index.php\/wp-json\/wp\/v2\/pages\/1298"}],"collection":[{"href":"https:\/\/class-prepa.enp.edu.dz\/index.php\/wp-json\/wp\/v2\/pages"}],"about":[{"href":"https:\/\/class-prepa.enp.edu.dz\/index.php\/wp-json\/wp\/v2\/types\/page"}],"author":[{"embeddable":true,"href":"https:\/\/class-prepa.enp.edu.dz\/index.php\/wp-json\/wp\/v2\/users\/1"}],"replies":[{"embeddable":true,"href":"https:\/\/class-prepa.enp.edu.dz\/index.php\/wp-json\/wp\/v2\/comments?post=1298"}],"version-history":[{"count":3,"href":"https:\/\/class-prepa.enp.edu.dz\/index.php\/wp-json\/wp\/v2\/pages\/1298\/revisions"}],"predecessor-version":[{"id":1301,"href":"https:\/\/class-prepa.enp.edu.dz\/index.php\/wp-json\/wp\/v2\/pages\/1298\/revisions\/1301"}],"wp:attachment":[{"href":"https:\/\/class-prepa.enp.edu.dz\/index.php\/wp-json\/wp\/v2\/media?parent=1298"}],"curies":[{"name":"wp","href":"https:\/\/api.w.org\/{rel}","templated":true}]}}