{"id":1334,"date":"2024-09-22T09:45:18","date_gmt":"2024-09-22T07:45:18","guid":{"rendered":"http:\/\/class-prepa.enp.edu.dz\/?page_id=1334"},"modified":"2024-09-23T20:00:46","modified_gmt":"2024-09-23T18:00:46","slug":"emploi_du_temps_-annee_2024_2025","status":"publish","type":"page","link":"https:\/\/class-prepa.enp.edu.dz\/index.php\/emploi_du_temps_-annee_2024_2025\/","title":{"rendered":"Emploi du temps \u2013 Ann\u00e9e 2024_2025"},"content":{"rendered":"\t\t<div data-elementor-type=\"wp-page\" data-elementor-id=\"1334\" class=\"elementor elementor-1334\">\n\t\t\t\t\t\t\t\t\t<section class=\"elementor-section elementor-top-section elementor-element elementor-element-88cfff3 elementor-section-boxed elementor-section-height-default elementor-section-height-default\" data-id=\"88cfff3\" data-element_type=\"section\" data-settings=\"{&quot;background_background&quot;:&quot;classic&quot;,&quot;shape_divider_bottom&quot;:&quot;waves&quot;}\">\n\t\t\t\t\t<div class=\"elementor-shape elementor-shape-bottom\" data-negative=\"false\">\n\t\t\t<svg xmlns=\"http:\/\/www.w3.org\/2000\/svg\" viewBox=\"0 0 1000 100\" preserveAspectRatio=\"none\">\n\t<path class=\"elementor-shape-fill\" d=\"M421.9,6.5c22.6-2.5,51.5,0.4,75.5,5.3c23.6,4.9,70.9,23.5,100.5,35.7c75.8,32.2,133.7,44.5,192.6,49.7\n\tc23.6,2.1,48.7,3.5,103.4-2.5c54.7-6,106.2-25.6,106.2-25.6V0H0v30.3c0,0,72,32.6,158.4,30.5c39.2-0.7,92.8-6.7,134-22.4\n\tc21.2-8.1,52.2-18.2,79.7-24.2C399.3,7.9,411.6,7.5,421.9,6.5z\"\/>\n<\/svg>\t\t<\/div>\n\t\t\t\t\t<div class=\"elementor-container elementor-column-gap-default\">\n\t\t\t\t\t<div class=\"elementor-column elementor-col-100 elementor-top-column elementor-element elementor-element-97babe6\" data-id=\"97babe6\" data-element_type=\"column\" data-settings=\"{&quot;background_background&quot;:&quot;classic&quot;}\">\n\t\t\t<div class=\"elementor-widget-wrap elementor-element-populated\">\n\t\t\t\t\t\t\t\t<section class=\"elementor-section elementor-top-section elementor-element elementor-element-55026cf3 elementor-section-full_width elementor-section-height-default elementor-section-height-default\" data-id=\"55026cf3\" data-element_type=\"section\">\n\t\t\t\t\t\t<div class=\"elementor-container elementor-column-gap-default\">\n\t\t\t\t\t<div class=\"elementor-column elementor-col-100 elementor-top-column elementor-element elementor-element-360afa67\" data-id=\"360afa67\" data-element_type=\"column\" data-settings=\"{&quot;background_background&quot;:&quot;classic&quot;}\">\n\t\t\t<div class=\"elementor-widget-wrap elementor-element-populated\">\n\t\t\t\t\t\t\t\t<div class=\"elementor-element elementor-element-7915bd2 elementor-invisible elementor-widget elementor-widget-heading\" data-id=\"7915bd2\" data-element_type=\"widget\" data-settings=\"{&quot;_animation&quot;:&quot;rollIn&quot;}\" data-widget_type=\"heading.default\">\n\t\t\t\t<div class=\"elementor-widget-container\">\n\t\t\t<style>\/*! elementor - v3.15.0 - 20-08-2023 *\/\n.elementor-heading-title{padding:0;margin:0;line-height:1}.elementor-widget-heading .elementor-heading-title[class*=elementor-size-]>a{color:inherit;font-size:inherit;line-height:inherit}.elementor-widget-heading .elementor-heading-title.elementor-size-small{font-size:15px}.elementor-widget-heading .elementor-heading-title.elementor-size-medium{font-size:19px}.elementor-widget-heading .elementor-heading-title.elementor-size-large{font-size:29px}.elementor-widget-heading .elementor-heading-title.elementor-size-xl{font-size:39px}.elementor-widget-heading .elementor-heading-title.elementor-size-xxl{font-size:59px}<\/style><h2 class=\"elementor-heading-title elementor-size-default\">Emploi du temps ANNEE 2024-2025<\/h2>\t\t<\/div>\n\t\t\t\t<\/div>\n\t\t\t\t\t<\/div>\n\t\t<\/div>\n\t\t\t\t\t\t\t<\/div>\n\t\t<\/section>\n\t\t\t\t\t<\/div>\n\t\t<\/div>\n\t\t\t\t\t\t\t<\/div>\n\t\t<\/section>\n\t\t\t\t<section class=\"elementor-section elementor-top-section elementor-element elementor-element-35b894e elementor-section-boxed elementor-section-height-default elementor-section-height-default\" data-id=\"35b894e\" data-element_type=\"section\">\n\t\t\t\t\t\t<div class=\"elementor-container elementor-column-gap-default\">\n\t\t\t\t\t<div class=\"elementor-column elementor-col-100 elementor-top-column elementor-element elementor-element-92361ab\" data-id=\"92361ab\" data-element_type=\"column\">\n\t\t\t<div class=\"elementor-widget-wrap elementor-element-populated\">\n\t\t\t\t\t\t\t\t<section class=\"elementor-section elementor-inner-section elementor-element elementor-element-32e3df0 elementor-section-boxed elementor-section-height-default elementor-section-height-default\" data-id=\"32e3df0\" data-element_type=\"section\">\n\t\t\t\t\t\t<div class=\"elementor-container elementor-column-gap-default\">\n\t\t\t\t\t<div class=\"elementor-column elementor-col-100 elementor-inner-column elementor-element elementor-element-db820a0\" data-id=\"db820a0\" data-element_type=\"column\">\n\t\t\t<div class=\"elementor-widget-wrap elementor-element-populated\">\n\t\t\t\t\t\t\t\t<div class=\"elementor-element elementor-element-2e4a43c elementor-widget elementor-widget-text-editor\" data-id=\"2e4a43c\" data-element_type=\"widget\" data-widget_type=\"text-editor.default\">\n\t\t\t\t<div class=\"elementor-widget-container\">\n\t\t\t<style>\/*! elementor - v3.15.0 - 20-08-2023 *\/\n.elementor-widget-text-editor.elementor-drop-cap-view-stacked .elementor-drop-cap{background-color:#69727d;color:#fff}.elementor-widget-text-editor.elementor-drop-cap-view-framed .elementor-drop-cap{color:#69727d;border:3px solid;background-color:transparent}.elementor-widget-text-editor:not(.elementor-drop-cap-view-default) .elementor-drop-cap{margin-top:8px}.elementor-widget-text-editor:not(.elementor-drop-cap-view-default) .elementor-drop-cap-letter{width:1em;height:1em}.elementor-widget-text-editor .elementor-drop-cap{float:left;text-align:center;line-height:1;font-size:50px}.elementor-widget-text-editor .elementor-drop-cap-letter{display:inline-block}<\/style>\t\t\t\t<div class=\"itemHeader\"><div class=\"itemHeader\"><div class=\"itemHeader\">\u00a0<\/div><div class=\"itemBody\"><div class=\"itemImageBlock\"><div class=\"clr\">\u00a0<\/div><\/div><div class=\"itemFullText\"><h4><a href=\"http:\/\/class-prepa.enp.edu.dz\/wp-content\/uploads\/2024\/09\/Emploi-du-temps-1-CP-2024.25.pdf\" target=\"_blank\" rel=\"noopener\">&#8211; Emploi du temps de premi\u00e8re ann\u00e9e &#8211; S1 &#8211; 2024_2025<\/a><\/h4><h4><a href=\"http:\/\/class-prepa.enp.edu.dz\/wp-content\/uploads\/2024\/09\/Emploi-du-temps-2-CP-2024.25.pdf\" target=\"_blank\" rel=\"noopener\">&#8211; Emploi du temps de deuxi\u00e8me ann\u00e9e &#8211; S3 &#8211; 2024_2025<\/a><\/h4><\/div><\/div><\/div><\/div>\t\t\t\t\t\t<\/div>\n\t\t\t\t<\/div>\n\t\t\t\t\t<\/div>\n\t\t<\/div>\n\t\t\t\t\t\t\t<\/div>\n\t\t<\/section>\n\t\t\t\t<div class=\"elementor-element elementor-element-d8f7526 elementor-widget elementor-widget-text-editor\" data-id=\"d8f7526\" data-element_type=\"widget\" data-widget_type=\"text-editor.default\">\n\t\t\t\t<div class=\"elementor-widget-container\">\n\t\t\t\t\t\t\t\t\t\t\t\t\t<\/div>\n\t\t\t\t<\/div>\n\t\t\t\t\t<\/div>\n\t\t<\/div>\n\t\t\t\t\t\t\t<\/div>\n\t\t<\/section>\n\t\t\t\t<section class=\"elementor-section elementor-top-section elementor-element elementor-element-5efe798 elementor-section-boxed elementor-section-height-default elementor-section-height-default\" data-id=\"5efe798\" data-element_type=\"section\">\n\t\t\t\t\t\t<div class=\"elementor-container elementor-column-gap-default\">\n\t\t\t\t\t<div class=\"elementor-column elementor-col-100 elementor-top-column elementor-element elementor-element-8528147\" data-id=\"8528147\" data-element_type=\"column\">\n\t\t\t<div class=\"elementor-widget-wrap elementor-element-populated\">\n\t\t\t\t\t\t\t\t<section class=\"elementor-section elementor-inner-section elementor-element elementor-element-7a2e634 elementor-section-boxed elementor-section-height-default elementor-section-height-default\" data-id=\"7a2e634\" data-element_type=\"section\">\n\t\t\t\t\t\t<div class=\"elementor-container elementor-column-gap-default\">\n\t\t\t\t\t<div class=\"elementor-column elementor-col-100 elementor-inner-column elementor-element elementor-element-69039f2\" data-id=\"69039f2\" data-element_type=\"column\">\n\t\t\t<div class=\"elementor-widget-wrap elementor-element-populated\">\n\t\t\t\t\t\t\t\t<div class=\"elementor-element elementor-element-05648a2 elementor-widget elementor-widget-text-editor\" data-id=\"05648a2\" data-element_type=\"widget\" data-widget_type=\"text-editor.default\">\n\t\t\t\t<div class=\"elementor-widget-container\">\n\t\t\t\t\t\t\t<div class=\"itemHeader\"><div class=\"itemHeader\"><div class=\"itemHeader\">\u00a0<\/div><div class=\"itemBody\"><div class=\"itemImageBlock\"><div class=\"clr\">\u00a0<\/div><\/div><div class=\"itemFullText\"><h4><a href=\"http:\/\/class-prepa.enp.edu.dz\/wp-content\/uploads\/2024\/04\/Emploi-du-temps-de-premiere-annee-S2-2023_2024.pdf\" target=\"_blank\" rel=\"noopener\">&#8211; Emploi du temps de premi\u00e8re ann\u00e9e &#8211; S2 &#8211; 2023_2024<\/a><\/h4><h4><a href=\"http:\/\/class-prepa.enp.edu.dz\/wp-content\/uploads\/2024\/04\/Emploi-du-temps-de-deuxieme-annee-S4-2023_2024-1.pdf\" target=\"_blank\" rel=\"noopener\">&#8211; Emploi du temps de deuxi\u00e8me ann\u00e9e &#8211; S4 &#8211; 2023_2024<\/a><\/h4><\/div><\/div><\/div><\/div>\t\t\t\t\t\t<\/div>\n\t\t\t\t<\/div>\n\t\t\t\t\t<\/div>\n\t\t<\/div>\n\t\t\t\t\t\t\t<\/div>\n\t\t<\/section>\n\t\t\t\t<div class=\"elementor-element elementor-element-38cb96a elementor-widget elementor-widget-text-editor\" data-id=\"38cb96a\" data-element_type=\"widget\" data-widget_type=\"text-editor.default\">\n\t\t\t\t<div class=\"elementor-widget-container\">\n\t\t\t\t\t\t\t\t\t\t\t\t\t<\/div>\n\t\t\t\t<\/div>\n\t\t\t\t\t<\/div>\n\t\t<\/div>\n\t\t\t\t\t\t\t<\/div>\n\t\t<\/section>\n\t\t\t\t\t\t\t<\/div>\n\t\t","protected":false},"excerpt":{"rendered":"<p class=\"qua-blog-post-description\">Emploi du temps ANNEE 2024-2025 \u00a0\u00a0 &#8211; Emploi du temps de premi\u00e8re ann\u00e9e &#8211; S1 &#8211; 2024_2025 &#8211; Emploi du temps de deuxi\u00e8me ann\u00e9e &#8211; S3 &#8211; 2024_2025 \u00a0\u00a0 &#8211; Emploi du temps de premi\u00e8re ann\u00e9e &#8211; S2 &#8211; 2023_2024 &#8211; Emploi du temps de deuxi\u00e8me ann\u00e9e &#8211; S4 &#8211; 2023_2024<\/p>\n","protected":false},"author":2,"featured_media":0,"parent":0,"menu_order":0,"comment_status":"closed","ping_status":"closed","template":"elementor_header_footer","meta":[],"_links":{"self":[{"href":"https:\/\/class-prepa.enp.edu.dz\/index.php\/wp-json\/wp\/v2\/pages\/1334"}],"collection":[{"href":"https:\/\/class-prepa.enp.edu.dz\/index.php\/wp-json\/wp\/v2\/pages"}],"about":[{"href":"https:\/\/class-prepa.enp.edu.dz\/index.php\/wp-json\/wp\/v2\/types\/page"}],"author":[{"embeddable":true,"href":"https:\/\/class-prepa.enp.edu.dz\/index.php\/wp-json\/wp\/v2\/users\/2"}],"replies":[{"embeddable":true,"href":"https:\/\/class-prepa.enp.edu.dz\/index.php\/wp-json\/wp\/v2\/comments?post=1334"}],"version-history":[{"count":21,"href":"https:\/\/class-prepa.enp.edu.dz\/index.php\/wp-json\/wp\/v2\/pages\/1334\/revisions"}],"predecessor-version":[{"id":1588,"href":"https:\/\/class-prepa.enp.edu.dz\/index.php\/wp-json\/wp\/v2\/pages\/1334\/revisions\/1588"}],"wp:attachment":[{"href":"https:\/\/class-prepa.enp.edu.dz\/index.php\/wp-json\/wp\/v2\/media?parent=1334"}],"curies":[{"name":"wp","href":"https:\/\/api.w.org\/{rel}","templated":true}]}}