{"id":484,"date":"2022-10-27T12:32:11","date_gmt":"2022-10-27T10:32:11","guid":{"rendered":"http:\/\/192.168.3.159\/?page_id=484"},"modified":"2022-10-30T14:43:03","modified_gmt":"2022-10-30T13:43:03","slug":"telechargement-offres-de-bourses","status":"publish","type":"page","link":"https:\/\/class-prepa.enp.edu.dz\/index.php\/telechargement-offres-de-bourses\/","title":{"rendered":"T\u00c9L\u00c9CHARGEMENT&#038; OFFRES DE BOURSES"},"content":{"rendered":"\t\t<div data-elementor-type=\"wp-page\" data-elementor-id=\"484\" class=\"elementor elementor-484\">\n\t\t\t\t\t\t\t\t\t<section class=\"elementor-section elementor-top-section elementor-element elementor-element-88cfff3 elementor-section-boxed elementor-section-height-default elementor-section-height-default\" data-id=\"88cfff3\" data-element_type=\"section\" data-settings=\"{&quot;background_background&quot;:&quot;classic&quot;,&quot;shape_divider_bottom&quot;:&quot;waves&quot;}\">\n\t\t\t\t\t<div class=\"elementor-shape elementor-shape-bottom\" data-negative=\"false\">\n\t\t\t<svg xmlns=\"http:\/\/www.w3.org\/2000\/svg\" viewBox=\"0 0 1000 100\" preserveAspectRatio=\"none\">\n\t<path class=\"elementor-shape-fill\" d=\"M421.9,6.5c22.6-2.5,51.5,0.4,75.5,5.3c23.6,4.9,70.9,23.5,100.5,35.7c75.8,32.2,133.7,44.5,192.6,49.7\n\tc23.6,2.1,48.7,3.5,103.4-2.5c54.7-6,106.2-25.6,106.2-25.6V0H0v30.3c0,0,72,32.6,158.4,30.5c39.2-0.7,92.8-6.7,134-22.4\n\tc21.2-8.1,52.2-18.2,79.7-24.2C399.3,7.9,411.6,7.5,421.9,6.5z\"\/>\n<\/svg>\t\t<\/div>\n\t\t\t\t\t<div class=\"elementor-container elementor-column-gap-default\">\n\t\t\t\t\t<div class=\"elementor-column elementor-col-100 elementor-top-column elementor-element elementor-element-97babe6\" data-id=\"97babe6\" data-element_type=\"column\" data-settings=\"{&quot;background_background&quot;:&quot;classic&quot;}\">\n\t\t\t<div class=\"elementor-widget-wrap elementor-element-populated\">\n\t\t\t\t\t\t\t\t<section class=\"elementor-section elementor-top-section elementor-element elementor-element-55026cf3 elementor-section-full_width elementor-section-height-default elementor-section-height-default\" data-id=\"55026cf3\" data-element_type=\"section\">\n\t\t\t\t\t\t<div class=\"elementor-container elementor-column-gap-default\">\n\t\t\t\t\t<div class=\"elementor-column elementor-col-100 elementor-top-column elementor-element elementor-element-360afa67\" data-id=\"360afa67\" data-element_type=\"column\" data-settings=\"{&quot;background_background&quot;:&quot;classic&quot;}\">\n\t\t\t<div class=\"elementor-widget-wrap elementor-element-populated\">\n\t\t\t\t\t\t\t\t<div class=\"elementor-element elementor-element-7915bd2 elementor-invisible elementor-widget elementor-widget-heading\" data-id=\"7915bd2\" data-element_type=\"widget\" data-settings=\"{&quot;_animation&quot;:&quot;rollIn&quot;}\" data-widget_type=\"heading.default\">\n\t\t\t\t<div class=\"elementor-widget-container\">\n\t\t\t<style>\/*! elementor - v3.15.0 - 20-08-2023 *\/\n.elementor-heading-title{padding:0;margin:0;line-height:1}.elementor-widget-heading .elementor-heading-title[class*=elementor-size-]>a{color:inherit;font-size:inherit;line-height:inherit}.elementor-widget-heading .elementor-heading-title.elementor-size-small{font-size:15px}.elementor-widget-heading .elementor-heading-title.elementor-size-medium{font-size:19px}.elementor-widget-heading .elementor-heading-title.elementor-size-large{font-size:29px}.elementor-widget-heading .elementor-heading-title.elementor-size-xl{font-size:39px}.elementor-widget-heading .elementor-heading-title.elementor-size-xxl{font-size:59px}<\/style><h2 class=\"elementor-heading-title elementor-size-default\">T\u00c9L\u00c9CHARGEMENT& OFFRES DE BOURSES<\/h2>\t\t<\/div>\n\t\t\t\t<\/div>\n\t\t\t\t\t<\/div>\n\t\t<\/div>\n\t\t\t\t\t\t\t<\/div>\n\t\t<\/section>\n\t\t\t\t\t<\/div>\n\t\t<\/div>\n\t\t\t\t\t\t\t<\/div>\n\t\t<\/section>\n\t\t\t\t<section class=\"elementor-section elementor-top-section elementor-element elementor-element-35b894e elementor-section-boxed elementor-section-height-default elementor-section-height-default\" data-id=\"35b894e\" data-element_type=\"section\">\n\t\t\t\t\t\t<div class=\"elementor-container elementor-column-gap-default\">\n\t\t\t\t\t<div class=\"elementor-column elementor-col-100 elementor-top-column elementor-element elementor-element-92361ab\" data-id=\"92361ab\" data-element_type=\"column\">\n\t\t\t<div class=\"elementor-widget-wrap elementor-element-populated\">\n\t\t\t\t\t\t\t\t<section class=\"elementor-section elementor-inner-section elementor-element elementor-element-32e3df0 elementor-section-boxed elementor-section-height-default elementor-section-height-default\" data-id=\"32e3df0\" data-element_type=\"section\">\n\t\t\t\t\t\t<div class=\"elementor-container elementor-column-gap-default\">\n\t\t\t\t\t<div class=\"elementor-column elementor-col-50 elementor-inner-column elementor-element elementor-element-db820a0\" data-id=\"db820a0\" data-element_type=\"column\">\n\t\t\t<div class=\"elementor-widget-wrap elementor-element-populated\">\n\t\t\t\t\t\t\t\t<div class=\"elementor-element elementor-element-2e4a43c elementor-widget elementor-widget-text-editor\" data-id=\"2e4a43c\" data-element_type=\"widget\" data-widget_type=\"text-editor.default\">\n\t\t\t\t<div class=\"elementor-widget-container\">\n\t\t\t<style>\/*! elementor - v3.15.0 - 20-08-2023 *\/\n.elementor-widget-text-editor.elementor-drop-cap-view-stacked .elementor-drop-cap{background-color:#69727d;color:#fff}.elementor-widget-text-editor.elementor-drop-cap-view-framed .elementor-drop-cap{color:#69727d;border:3px solid;background-color:transparent}.elementor-widget-text-editor:not(.elementor-drop-cap-view-default) .elementor-drop-cap{margin-top:8px}.elementor-widget-text-editor:not(.elementor-drop-cap-view-default) .elementor-drop-cap-letter{width:1em;height:1em}.elementor-widget-text-editor .elementor-drop-cap{float:left;text-align:center;line-height:1;font-size:50px}.elementor-widget-text-editor .elementor-drop-cap-letter{display:inline-block}<\/style>\t\t\t\t<div class=\"article-tools clearfix\">\u00a0<\/div><ul><li><h4><a href=\"https:\/\/www.enp.edu.dz\/storage\/2020\/09\/Reglement-Interieur-1er-Cycle-Sept-2017.pdf\" target=\"_blank\" rel=\"noopener\">R\u00e8glement int\u00e9rieur<\/a><\/h4><\/li><\/ul><h4><span style=\"text-decoration: underline;\">BOURSES 2021 :<\/span><\/h4><h4>(N.B: Afin d&rsquo;acc\u00e9der aux diff\u00e9rents liens de bourses ci-dessous, vous devez vous connecter avec votre compte @g.enp.edu.dz)<\/h4><ul><li><h4><a href=\"https:\/\/drive.google.com\/file\/d\/1hvHiO_xgHfCq-txbc7RoAvVKWzjQN69O\/view?usp=sharing\" target=\"_blank\" rel=\"noopener\">Offre de bourse d&rsquo;\u00e9tudes du gouvernement Indien<\/a><\/h4><\/li><li><h4><a href=\"https:\/\/docs.google.com\/document\/d\/1Rcr4j6sDX-AIxeMqu5UxdMbVE4TQmUzpdvqnPeCA06o\/edit?usp=sharing\" target=\"_blank\" rel=\"noopener\">Offre de bourse de la Banque Islamique<\/a><\/h4><\/li><li><h4><a href=\"https:\/\/drive.google.com\/file\/d\/15pUgPEVl9942WoC7eqXEkWYLVXDIW_1W\/view?usp=sharing\" target=\"_blank\" rel=\"noopener\">&lsquo;IBTIKAR&rsquo; guide m\u00e9thodologique<\/a><\/h4><\/li><li><h4><a href=\"https:\/\/drive.google.com\/file\/d\/1odbpF47UuPq3OT9MSlA6Tbyx3_IJ7DXN\/view?usp=sharing\" target=\"_blank\" rel=\"noopener\">Offre de formation en Indon\u00e9sie<\/a><\/h4><\/li><li><h4><a href=\"https:\/\/drive.google.com\/file\/d\/1YSdeXoYMuSQfi6dGWV7fK6k_Vl7E06oa\/view?usp=sharing\" target=\"_blank\" rel=\"noopener\">Coop\u00e9ration Alg\u00e9ro-japonaise<\/a><\/h4><\/li><\/ul>\t\t\t\t\t\t<\/div>\n\t\t\t\t<\/div>\n\t\t\t\t\t<\/div>\n\t\t<\/div>\n\t\t\t\t<div class=\"elementor-column elementor-col-50 elementor-inner-column elementor-element elementor-element-0ca1327\" data-id=\"0ca1327\" data-element_type=\"column\">\n\t\t\t<div class=\"elementor-widget-wrap elementor-element-populated\">\n\t\t\t\t\t\t\t\t<div class=\"elementor-element elementor-element-055d793 animated-slow elementor-invisible elementor-widget elementor-widget-image\" data-id=\"055d793\" data-element_type=\"widget\" data-settings=\"{&quot;_animation&quot;:&quot;slideInDown&quot;,&quot;_animation_delay&quot;:2500}\" data-widget_type=\"image.default\">\n\t\t\t\t<div class=\"elementor-widget-container\">\n\t\t\t<style>\/*! elementor - v3.15.0 - 20-08-2023 *\/\n.elementor-widget-image{text-align:center}.elementor-widget-image a{display:inline-block}.elementor-widget-image a img[src$=\".svg\"]{width:48px}.elementor-widget-image img{vertical-align:middle;display:inline-block}<\/style>\t\t\t\t\t\t\t\t\t\t\t\t<img decoding=\"async\" width=\"225\" height=\"225\" src=\"https:\/\/class-prepa.enp.edu.dz\/wp-content\/uploads\/2022\/10\/telechargement1.jpg\" class=\"attachment-medium size-medium wp-image-489\" alt=\"\" loading=\"lazy\" srcset=\"https:\/\/class-prepa.enp.edu.dz\/wp-content\/uploads\/2022\/10\/telechargement1.jpg 225w, https:\/\/class-prepa.enp.edu.dz\/wp-content\/uploads\/2022\/10\/telechargement1-150x150.jpg 150w\" sizes=\"(max-width: 225px) 100vw, 225px\" \/>\t\t\t\t\t\t\t\t\t\t\t\t\t\t\t<\/div>\n\t\t\t\t<\/div>\n\t\t\t\t\t<\/div>\n\t\t<\/div>\n\t\t\t\t\t\t\t<\/div>\n\t\t<\/section>\n\t\t\t\t<div class=\"elementor-element elementor-element-d8f7526 elementor-widget elementor-widget-text-editor\" data-id=\"d8f7526\" data-element_type=\"widget\" data-widget_type=\"text-editor.default\">\n\t\t\t\t<div class=\"elementor-widget-container\">\n\t\t\t\t\t\t\t\t\t\t\t\t\t<\/div>\n\t\t\t\t<\/div>\n\t\t\t\t\t<\/div>\n\t\t<\/div>\n\t\t\t\t\t\t\t<\/div>\n\t\t<\/section>\n\t\t\t\t\t\t\t<\/div>\n\t\t","protected":false},"excerpt":{"rendered":"<p class=\"qua-blog-post-description\">T\u00c9L\u00c9CHARGEMENT&#038; OFFRES DE BOURSES \u00a0 R\u00e8glement int\u00e9rieur BOURSES 2021 : (N.B: Afin d&rsquo;acc\u00e9der aux diff\u00e9rents liens de bourses ci-dessous, vous devez vous connecter avec votre compte @g.enp.edu.dz) Offre de bourse d&rsquo;\u00e9tudes du gouvernement Indien Offre de bourse de la Banque Islamique &lsquo;IBTIKAR&rsquo; guide m\u00e9thodologique Offre de formation en Indon\u00e9sie Coop\u00e9ration Alg\u00e9ro-japonaise<\/p>\n","protected":false},"author":1,"featured_media":0,"parent":0,"menu_order":0,"comment_status":"closed","ping_status":"closed","template":"elementor_header_footer","meta":[],"_links":{"self":[{"href":"https:\/\/class-prepa.enp.edu.dz\/index.php\/wp-json\/wp\/v2\/pages\/484"}],"collection":[{"href":"https:\/\/class-prepa.enp.edu.dz\/index.php\/wp-json\/wp\/v2\/pages"}],"about":[{"href":"https:\/\/class-prepa.enp.edu.dz\/index.php\/wp-json\/wp\/v2\/types\/page"}],"author":[{"embeddable":true,"href":"https:\/\/class-prepa.enp.edu.dz\/index.php\/wp-json\/wp\/v2\/users\/1"}],"replies":[{"embeddable":true,"href":"https:\/\/class-prepa.enp.edu.dz\/index.php\/wp-json\/wp\/v2\/comments?post=484"}],"version-history":[{"count":9,"href":"https:\/\/class-prepa.enp.edu.dz\/index.php\/wp-json\/wp\/v2\/pages\/484\/revisions"}],"predecessor-version":[{"id":692,"href":"https:\/\/class-prepa.enp.edu.dz\/index.php\/wp-json\/wp\/v2\/pages\/484\/revisions\/692"}],"wp:attachment":[{"href":"https:\/\/class-prepa.enp.edu.dz\/index.php\/wp-json\/wp\/v2\/media?parent=484"}],"curies":[{"name":"wp","href":"https:\/\/api.w.org\/{rel}","templated":true}]}}